{"id":1302,"date":"2024-03-24T13:31:40","date_gmt":"2024-03-24T13:31:40","guid":{"rendered":"https:\/\/diasurgemed.com\/ng\/?page_id=1302"},"modified":"2025-08-09T08:56:28","modified_gmt":"2025-08-09T07:56:28","slug":"operation-theatre-table-nigeria","status":"publish","type":"page","link":"https:\/\/diasurgemed.com\/ng\/operation-theatre-table-nigeria\/","title":{"rendered":"Operation Tables"},"content":{"rendered":"\n<div class=\"wp-block-uagb-container uagb-block-f2c4eb67 alignfull uagb-is-root-container\"><div class=\"uagb-container-inner-blocks-wrap\">\n<div class=\"wp-block-uagb-advanced-heading uagb-block-fc227ecf\"><h1 class=\"uagb-heading-text\">Operation Tables<\/h1><\/div>\n<\/div><\/div>\n\n\n\n<div class=\"wp-block-uagb-info-box uagb-block-f7ba7b01 uagb-infobox__content-wrap  uagb-infobox-icon-above-title uagb-infobox-image-valign-top\"><div class=\"uagb-ifb-content\"><div class=\"uagb-ifb-title-wrap\"><span class=\"uagb-ifb-title-prefix\">Trusted Operation Theatre Table Supplier in Nigeria<\/span><h2 class=\"uagb-ifb-title\"><strong><strong><strong><strong>Explore DiasurgeMed&#8217;s Range of Operation Theatre Tables in Nigeria<\/strong><\/strong><\/strong><\/strong><\/h2><\/div><\/div><\/div>\n\n\n\n<div class=\"wp-block-uagb-container uagb-block-3a600680 alignfull uagb-is-root-container\"><div class=\"uagb-container-inner-blocks-wrap\">\n<div class=\"wp-block-uagb-container uagb-block-6032d4b5\">\n<div class=\"wp-block-uagb-info-box uagb-block-e39f8673 uagb-infobox__content-wrap  uagb-infobox-icon-above-title uagb-infobox-image-valign-top\"><div class=\"uagb-ifb-content\"><div class=\"uagb-ifb-image-content\"><img decoding=\"async\" src=\"https:\/\/diasurgemed.com\/ng\/wp-content\/uploads\/2024\/02\/303834-17971287.webp\" alt=\"Adjustable operation table Uz\u00fcmc\u00fc OPT-200P Electrical Operation Theatre Table in Nigeria with advanced adjustable positions for surgical precision\" width=\"991\" height=\"829\" loading=\"lazy\"\/><\/div><div class=\"uagb-ifb-title-wrap\"><h4 class=\"uagb-ifb-title\">Electrical Operating Table<\/h4><\/div><p class=\"uagb-ifb-desc\"><br>The Uz\u00fcmc\u00fc OPT-200P Electrical Operation Theatre Table offers advanced adjustable positions and smooth movements for a wide range of surgical procedures. Designed for precision and patient safety, this table ensures efficiency in Nigerian hospitals and surgical centers, meeting the highest global standards for performance and reliability.<br><br><br><\/p><div class=\"uagb-ifb-button-wrapper wp-block-button\"><a href=\"https:\/\/diasurgemed.com\/ng\/index.php\/contact\/\" class=\"uagb-infobox-cta-link wp-block-button__link\" target=\"_self\" rel=\"noopener noreferrer\" onclick=\"return true;\"><span class=\"uagb-inline-editing\">Enquire Now<\/span><svg xmlns=\"https:\/\/www.w3.org\/2000\/svg\" viewBox=\"0 0 512 512\"><path d=\"M504.3 273.6l-112.1 104c-6.992 6.484-17.18 8.218-25.94 4.406c-8.758-3.812-14.42-12.45-14.42-21.1L351.9 288H32C14.33 288 .0002 273.7 .0002 255.1S14.33 224 32 224h319.9l0-72c0-9.547 5.66-18.19 14.42-22c8.754-3.809 18.95-2.075 25.94 4.41l112.1 104C514.6 247.9 514.6 264.1 504.3 273.6z\"><\/path><\/svg><\/a><\/div><\/div><\/div>\n<\/div>\n\n\n\n<div class=\"wp-block-uagb-container uagb-block-551098b9\">\n<div class=\"wp-block-uagb-info-box uagb-block-bd7783fd uagb-infobox__content-wrap  uagb-infobox-icon-above-title uagb-infobox-image-valign-top\"><div class=\"uagb-ifb-content\"><div class=\"uagb-ifb-image-content\"><img decoding=\"async\" src=\"https:\/\/diasurgemed.com\/ng\/wp-content\/uploads\/2024\/03\/diasurge-Medical-hydrolic-1-1.png\" alt=\"\" width=\"991\" height=\"829\" loading=\"lazy\"\/><\/div><div class=\"uagb-ifb-title-wrap\"><h4 class=\"uagb-ifb-title\">Hydraulic Operating Table <\/h4><\/div><p class=\"uagb-ifb-desc\">The Uz\u00fcmc\u00fc OM-2M Hydraulic Operation Theatre Table delivers versatility, ease of use, and durability for various surgical specialties. Its robust design allows for precise adjustments, making it an ideal choice for healthcare facilities in Nigeria seeking cost-effective yet high-performance surgical solutions.<br><br><br><br><br><\/p><div class=\"uagb-ifb-button-wrapper wp-block-button\"><a href=\"https:\/\/diasurgemed.com\/ng\/index.php\/contact\/\" class=\"uagb-infobox-cta-link wp-block-button__link\" target=\"_self\" rel=\"noopener noreferrer\" onclick=\"return true;\"><span class=\"uagb-inline-editing\">Enquire Now<\/span><svg xmlns=\"https:\/\/www.w3.org\/2000\/svg\" viewBox=\"0 0 512 512\"><path d=\"M504.3 273.6l-112.1 104c-6.992 6.484-17.18 8.218-25.94 4.406c-8.758-3.812-14.42-12.45-14.42-21.1L351.9 288H32C14.33 288 .0002 273.7 .0002 255.1S14.33 224 32 224h319.9l0-72c0-9.547 5.66-18.19 14.42-22c8.754-3.809 18.95-2.075 25.94 4.41l112.1 104C514.6 247.9 514.6 264.1 504.3 273.6z\"><\/path><\/svg><\/a><\/div><\/div><\/div>\n<\/div>\n\n\n\n<div class=\"wp-block-uagb-container uagb-block-a08fbd02\">\n<div class=\"wp-block-uagb-info-box uagb-block-2ed64c3b uagb-infobox__content-wrap  uagb-infobox-icon-above-title uagb-infobox-image-valign-top\"><div class=\"uagb-ifb-content\"><div class=\"uagb-ifb-image-content\"><img decoding=\"async\" src=\"https:\/\/diasurgemed.com\/ng\/wp-content\/uploads\/2024\/03\/Diasurge-Orthopedic-Traction-Set-with-Trolley.png\" alt=\"\" width=\"991\" height=\"829\" loading=\"lazy\"\/><\/div><div class=\"uagb-ifb-title-wrap\"><h4 class=\"uagb-ifb-title\">Orthopedic Traction Set with Trolley<\/h4><\/div><p class=\"uagb-ifb-desc\"> Compatible with Uz\u00fcmc\u00fc Operation Theatre Tables.This Orthopedic Traction Set with Trolley is expertly engineered to integrate with Uz\u00fcmc\u00fc Operation Theatre Tables. Built from stainless steel, it includes a leg strainer function, adjustable traction boots, and a mobility trolley for effortless transport. Trusted in Nigeria\u2019s hospitals, it ensures durability, flexibility, and optimal patient positioning during orthopedic surgeries.<\/p><div class=\"uagb-ifb-button-wrapper wp-block-button\"><a href=\"https:\/\/diasurgemed.com\/ng\/index.php\/contact\/\" class=\"uagb-infobox-cta-link wp-block-button__link\" target=\"_self\" rel=\"noopener noreferrer\" onclick=\"return true;\"><span class=\"uagb-inline-editing\">Enquire Now<\/span><svg xmlns=\"https:\/\/www.w3.org\/2000\/svg\" viewBox=\"0 0 512 512\"><path d=\"M504.3 273.6l-112.1 104c-6.992 6.484-17.18 8.218-25.94 4.406c-8.758-3.812-14.42-12.45-14.42-21.1L351.9 288H32C14.33 288 .0002 273.7 .0002 255.1S14.33 224 32 224h319.9l0-72c0-9.547 5.66-18.19 14.42-22c8.754-3.809 18.95-2.075 25.94 4.41l112.1 104C514.6 247.9 514.6 264.1 504.3 273.6z\"><\/path><\/svg><\/a><\/div><\/div><\/div>\n<\/div>\n<\/div><\/div>\n\n\n\n<div class=\"wp-block-uagb-container uagb-block-b4b75a5f alignfull uagb-is-root-container\"><div class=\"uagb-container-inner-blocks-wrap\">\n<div class=\"wp-block-uagb-container uagb-block-4ee3e8fd\">\n<div class=\"wp-block-uagb-info-box uagb-block-dd03ee62 uagb-infobox__content-wrap  uagb-infobox-icon-left-title uagb-infobox-left uagb-infobox-image-valign-top\"><div class=\"uagb-ifb-content\"><div class=\"uagb-ifb-left-title-image\"><div class=\"uagb-ifb-icon-wrap\"><div class=\"uagb-iconbox-icon-wrap uagb-infobox-shape-circle\"><svg xmlns=\"https:\/\/www.w3.org\/2000\/svg\" viewBox=\"0 0 512 512\"><path d=\"M511.2 387l-23.25 100.8c-3.266 14.25-15.79 24.22-30.46 24.22C205.2 512 0 306.8 0 54.5c0-14.66 9.969-27.2 24.22-30.45l100.8-23.25C139.7-2.602 154.7 5.018 160.8 18.92l46.52 108.5c5.438 12.78 1.77 27.67-8.98 36.45L144.5 207.1c33.98 69.22 90.26 125.5 159.5 159.5l44.08-53.8c8.688-10.78 23.69-14.51 36.47-8.975l108.5 46.51C506.1 357.2 514.6 372.4 511.2 387z\"><\/path><\/svg><\/div><\/div><div class=\"uagb-ifb-title-wrap\"><h5 class=\"uagb-ifb-title\">Call Today<br>+971-6-5663603<\/h5><\/div><\/div><\/div><\/div>\n<\/div>\n\n\n\n<div class=\"wp-block-uagb-container uagb-block-2ec1ada3\">\n<div class=\"wp-block-uagb-info-box uagb-block-4ab2776a uagb-infobox__content-wrap  uagb-infobox-icon-left-title uagb-infobox-left uagb-infobox-image-valign-top\"><div class=\"uagb-ifb-content\"><div class=\"uagb-ifb-left-title-image\"><div class=\"uagb-ifb-icon-wrap\"><div class=\"uagb-iconbox-icon-wrap uagb-infobox-shape-circle\"><svg xmlns=\"https:\/\/www.w3.org\/2000\/svg\" viewBox=\"0 0 384 512\"><path d=\"M168.3 499.2C116.1 435 0 279.4 0 192C0 85.96 85.96 0 192 0C298 0 384 85.96 384 192C384 279.4 267 435 215.7 499.2C203.4 514.5 180.6 514.5 168.3 499.2H168.3zM192 256C227.3 256 256 227.3 256 192C256 156.7 227.3 128 192 128C156.7 128 128 156.7 128 192C128 227.3 156.7 256 192 256z\"><\/path><\/svg><\/div><\/div><div class=\"uagb-ifb-title-wrap\"><h5 class=\"uagb-ifb-title\">Location<br>Sharjah, UAE<\/h5><\/div><\/div><\/div><\/div>\n<\/div>\n\n\n\n<div class=\"wp-block-uagb-container uagb-block-fd1afceb\">\n<div class=\"wp-block-uagb-buttons uagb-buttons__outer-wrap uagb-btn__default-btn uagb-btn-tablet__default-btn uagb-btn-mobile__default-btn uagb-block-73297ad3\"><div class=\"uagb-buttons__wrap uagb-buttons-layout-wrap \">\n<div class=\"wp-block-uagb-buttons-child uagb-buttons__outer-wrap uagb-block-d36127e8 wp-block-button\"><div class=\"uagb-button__wrapper\"><a class=\"uagb-buttons-repeater wp-block-button__link\" aria-label=\"\" href=\"https:\/\/diasurgemed.com\/ng\/index.php\/contact\/\" rel=\"follow noopener\" target=\"_self\" role=\"button\"><div class=\"uagb-button__link\">GET A QOUTE<\/div><\/a><\/div><\/div>\n<\/div><\/div>\n<\/div>\n<\/div><\/div>\n\n\n\n<div class=\"wp-block-uagb-container uagb-block-58f350cb alignfull uagb-is-root-container\"><div class=\"uagb-container-inner-blocks-wrap\">\n<div class=\"wp-block-uagb-container uagb-block-93fe3556\">\n<div class=\"wp-block-uagb-info-box uagb-block-64719a93 uagb-infobox__content-wrap  uagb-infobox-icon-above-title uagb-infobox-image-valign-top\"><div class=\"uagb-ifb-content\"><div class=\"uagb-ifb-title-wrap\"><h2 class=\"uagb-ifb-title\">OUR MISSION<\/h2><\/div><p class=\"uagb-ifb-desc\">At Diasurge Medical, our mission revolves around delivering superior care with acute attention to detail. We are committed to this goal, and to achieve it, our quality department meticulously selects the finest medical and surgical tools available globally. These tools are chosen for their ease of use and their ability to provide the utmost care, ensuring we meet the essential needs of the medical community and their patients.<\/p><div class=\"uagb-ifb-button-wrapper wp-block-button\"><a href=\"https:\/\/diasurgemed.com\/ng\/index.php\/about-best-medical-equipment-solution-provider-in-uae\/\" class=\"uagb-infobox-cta-link wp-block-button__link\" target=\"_self\" rel=\"noopener noreferrer\" onclick=\"return true;\"><span class=\"uagb-inline-editing\">Know More<\/span><\/a><\/div><\/div><\/div>\n<\/div>\n\n\n\n<div class=\"wp-block-uagb-container uagb-block-68695abd\"><\/div>\n<\/div><\/div>\n","protected":false},"excerpt":{"rendered":"<p>Operation Tables<\/p>\n","protected":false},"author":1,"featured_media":0,"parent":0,"menu_order":0,"comment_status":"closed","ping_status":"closed","template":"","meta":{"om_disable_all_campaigns":false,"_uag_custom_page_level_css":"","_monsterinsights_skip_tracking":false,"_monsterinsights_sitenote_active":false,"_monsterinsights_sitenote_note":"","_monsterinsights_sitenote_category":0,"site-sidebar-layout":"no-sidebar","site-content-layout":"plain-container","ast-site-content-layout":"normal-width-container","site-content-style":"unboxed","site-sidebar-style":"default","ast-global-header-display":"","ast-banner-title-visibility":"","ast-main-header-display":"","ast-hfb-above-header-display":"","ast-hfb-below-header-display":"","ast-hfb-mobile-header-display":"","site-post-title":"disabled","ast-breadcrumbs-content":"","ast-featured-img":"disabled","footer-sml-layout":"","ast-disable-related-posts":"","theme-transparent-header-meta":"enabled","adv-header-id-meta":"","stick-header-meta":"","header-above-stick-meta":"","header-main-stick-meta":"","header-below-stick-meta":"","astra-migrate-meta-layouts":"set","ast-page-background-enabled":"default","ast-page-background-meta":{"desktop":{"background-color":"var(--ast-global-color-4)","background-image":"","background-repeat":"repeat","background-position":"center center","background-size":"auto","background-attachment":"scroll","background-type":"","background-media":"","overlay-type":"","overlay-color":"","overlay-opacity":"","overlay-gradient":""},"tablet":{"background-color":"","background-image":"","background-repeat":"repeat","background-position":"center center","background-size":"auto","background-attachment":"scroll","background-type":"","background-media":"","overlay-type":"","overlay-color":"","overlay-opacity":"","overlay-gradient":""},"mobile":{"background-color":"","background-image":"","background-repeat":"repeat","background-position":"center center","background-size":"auto","background-attachment":"scroll","background-type":"","background-media":"","overlay-type":"","overlay-color":"","overlay-opacity":"","overlay-gradient":""}},"ast-content-background-meta":{"desktop":{"background-color":"var(--ast-global-color-5)","background-image":"","background-repeat":"repeat","background-position":"center center","background-size":"auto","background-attachment":"scroll","background-type":"","background-media":"","overlay-type":"","overlay-color":"","overlay-opacity":"","overlay-gradient":""},"tablet":{"background-color":"var(--ast-global-color-5)","background-image":"","background-repeat":"repeat","background-position":"center center","background-size":"auto","background-attachment":"scroll","background-type":"","background-media":"","overlay-type":"","overlay-color":"","overlay-opacity":"","overlay-gradient":""},"mobile":{"background-color":"var(--ast-global-color-5)","background-image":"","background-repeat":"repeat","background-position":"center center","background-size":"auto","background-attachment":"scroll","background-type":"","background-media":"","overlay-type":"","overlay-color":"","overlay-opacity":"","overlay-gradient":""}},"footnotes":""},"class_list":["post-1302","page","type-page","status-publish","hentry"],"yoast_head":"<!-- This site is optimized with the Yoast SEO plugin v23.0 - https:\/\/yoast.com\/wordpress\/plugins\/seo\/ -->\n<title>Operation Theatre Table Nigeria | Hospital Operating Tables<\/title>\n<meta name=\"description\" content=\"As leading operation theatre table suppliers in Nigeria, we offer durable and reliable surgical tables for modern operating rooms.\" \/>\n<meta name=\"robots\" content=\"index, follow, max-snippet:-1, max-image-preview:large, max-video-preview:-1\" \/>\n<link rel=\"canonical\" href=\"https:\/\/diasurgemed.com\/ng\/operation-theatre-table-nigeria\/\" \/>\n<meta property=\"og:locale\" content=\"en_GB\" \/>\n<meta property=\"og:type\" content=\"article\" \/>\n<meta property=\"og:title\" content=\"Operation Theatre Table Nigeria | Hospital Operating Tables\" \/>\n<meta property=\"og:description\" content=\"As leading operation theatre table suppliers in Nigeria, we offer durable and reliable surgical tables for modern operating rooms.\" \/>\n<meta property=\"og:url\" content=\"https:\/\/diasurgemed.com\/ng\/operation-theatre-table-nigeria\/\" \/>\n<meta property=\"og:site_name\" content=\"Diasurge Medical\" \/>\n<meta property=\"article:modified_time\" content=\"2025-08-09T07:56:28+00:00\" \/>\n<meta property=\"og:image\" content=\"https:\/\/diasurgemed.com\/ng\/wp-content\/uploads\/2024\/02\/303834-17971287.webp\" \/>\n<meta name=\"twitter:card\" content=\"summary_large_image\" \/>\n<meta name=\"twitter:label1\" content=\"Estimated reading time\" \/>\n\t<meta name=\"twitter:data1\" content=\"2 minutes\" \/>\n<script type=\"application\/ld+json\" class=\"yoast-schema-graph\">{\"@context\":\"https:\/\/schema.org\",\"@graph\":[{\"@type\":\"WebPage\",\"@id\":\"https:\/\/diasurgemed.com\/ng\/operation-theatre-table-nigeria\/\",\"url\":\"https:\/\/diasurgemed.com\/ng\/operation-theatre-table-nigeria\/\",\"name\":\"Operation Theatre Table Nigeria | Hospital Operating Tables\",\"isPartOf\":{\"@id\":\"https:\/\/diasurgemed.com\/ng\/#website\"},\"primaryImageOfPage\":{\"@id\":\"https:\/\/diasurgemed.com\/ng\/operation-theatre-table-nigeria\/#primaryimage\"},\"image\":{\"@id\":\"https:\/\/diasurgemed.com\/ng\/operation-theatre-table-nigeria\/#primaryimage\"},\"thumbnailUrl\":\"https:\/\/diasurgemed.com\/ng\/wp-content\/uploads\/2024\/02\/303834-17971287.webp\",\"datePublished\":\"2024-03-24T13:31:40+00:00\",\"dateModified\":\"2025-08-09T07:56:28+00:00\",\"description\":\"As leading operation theatre table suppliers in Nigeria, we offer durable and reliable surgical tables for modern operating rooms.\",\"breadcrumb\":{\"@id\":\"https:\/\/diasurgemed.com\/ng\/operation-theatre-table-nigeria\/#breadcrumb\"},\"inLanguage\":\"en-GB\",\"potentialAction\":[{\"@type\":\"ReadAction\",\"target\":[\"https:\/\/diasurgemed.com\/ng\/operation-theatre-table-nigeria\/\"]}]},{\"@type\":\"ImageObject\",\"inLanguage\":\"en-GB\",\"@id\":\"https:\/\/diasurgemed.com\/ng\/operation-theatre-table-nigeria\/#primaryimage\",\"url\":\"https:\/\/diasurgemed.com\/ng\/wp-content\/uploads\/2024\/02\/303834-17971287.webp\",\"contentUrl\":\"https:\/\/diasurgemed.com\/ng\/wp-content\/uploads\/2024\/02\/303834-17971287.webp\"},{\"@type\":\"BreadcrumbList\",\"@id\":\"https:\/\/diasurgemed.com\/ng\/operation-theatre-table-nigeria\/#breadcrumb\",\"itemListElement\":[{\"@type\":\"ListItem\",\"position\":1,\"name\":\"Home\",\"item\":\"https:\/\/diasurgemed.com\/ng\/\"},{\"@type\":\"ListItem\",\"position\":2,\"name\":\"Operation Tables\"}]},{\"@type\":\"WebSite\",\"@id\":\"https:\/\/diasurgemed.com\/ng\/#website\",\"url\":\"https:\/\/diasurgemed.com\/ng\/\",\"name\":\"Diasurge Medical\",\"description\":\"\",\"publisher\":{\"@id\":\"https:\/\/diasurgemed.com\/ng\/#organization\"},\"potentialAction\":[{\"@type\":\"SearchAction\",\"target\":{\"@type\":\"EntryPoint\",\"urlTemplate\":\"https:\/\/diasurgemed.com\/ng\/?s={search_term_string}\"},\"query-input\":\"required name=search_term_string\"}],\"inLanguage\":\"en-GB\"},{\"@type\":\"Organization\",\"@id\":\"https:\/\/diasurgemed.com\/ng\/#organization\",\"name\":\"Diasurge Medical\",\"url\":\"https:\/\/diasurgemed.com\/ng\/\",\"logo\":{\"@type\":\"ImageObject\",\"inLanguage\":\"en-GB\",\"@id\":\"https:\/\/diasurgemed.com\/ng\/#\/schema\/logo\/image\/\",\"url\":\"https:\/\/diasurgemed.com\/ng\/wp-content\/uploads\/2024\/03\/cropped-PNGHD-2-2048x526-1.png\",\"contentUrl\":\"https:\/\/diasurgemed.com\/ng\/wp-content\/uploads\/2024\/03\/cropped-PNGHD-2-2048x526-1.png\",\"width\":2048,\"height\":526,\"caption\":\"Diasurge Medical\"},\"image\":{\"@id\":\"https:\/\/diasurgemed.com\/ng\/#\/schema\/logo\/image\/\"}}]}<\/script>\n<!-- \/ Yoast SEO plugin. -->","yoast_head_json":{"title":"Operation Theatre Table Nigeria | Hospital Operating Tables","description":"As leading operation theatre table suppliers in Nigeria, we offer durable and reliable surgical tables for modern operating rooms.","robots":{"index":"index","follow":"follow","max-snippet":"max-snippet:-1","max-image-preview":"max-image-preview:large","max-video-preview":"max-video-preview:-1"},"canonical":"https:\/\/diasurgemed.com\/ng\/operation-theatre-table-nigeria\/","og_locale":"en_GB","og_type":"article","og_title":"Operation Theatre Table Nigeria | Hospital Operating Tables","og_description":"As leading operation theatre table suppliers in Nigeria, we offer durable and reliable surgical tables for modern operating rooms.","og_url":"https:\/\/diasurgemed.com\/ng\/operation-theatre-table-nigeria\/","og_site_name":"Diasurge Medical","article_modified_time":"2025-08-09T07:56:28+00:00","og_image":[{"url":"https:\/\/diasurgemed.com\/ng\/wp-content\/uploads\/2024\/02\/303834-17971287.webp"}],"twitter_card":"summary_large_image","twitter_misc":{"Estimated reading time":"2 minutes"},"schema":{"@context":"https:\/\/schema.org","@graph":[{"@type":"WebPage","@id":"https:\/\/diasurgemed.com\/ng\/operation-theatre-table-nigeria\/","url":"https:\/\/diasurgemed.com\/ng\/operation-theatre-table-nigeria\/","name":"Operation Theatre Table Nigeria | Hospital Operating Tables","isPartOf":{"@id":"https:\/\/diasurgemed.com\/ng\/#website"},"primaryImageOfPage":{"@id":"https:\/\/diasurgemed.com\/ng\/operation-theatre-table-nigeria\/#primaryimage"},"image":{"@id":"https:\/\/diasurgemed.com\/ng\/operation-theatre-table-nigeria\/#primaryimage"},"thumbnailUrl":"https:\/\/diasurgemed.com\/ng\/wp-content\/uploads\/2024\/02\/303834-17971287.webp","datePublished":"2024-03-24T13:31:40+00:00","dateModified":"2025-08-09T07:56:28+00:00","description":"As leading operation theatre table suppliers in Nigeria, we offer durable and reliable surgical tables for modern operating rooms.","breadcrumb":{"@id":"https:\/\/diasurgemed.com\/ng\/operation-theatre-table-nigeria\/#breadcrumb"},"inLanguage":"en-GB","potentialAction":[{"@type":"ReadAction","target":["https:\/\/diasurgemed.com\/ng\/operation-theatre-table-nigeria\/"]}]},{"@type":"ImageObject","inLanguage":"en-GB","@id":"https:\/\/diasurgemed.com\/ng\/operation-theatre-table-nigeria\/#primaryimage","url":"https:\/\/diasurgemed.com\/ng\/wp-content\/uploads\/2024\/02\/303834-17971287.webp","contentUrl":"https:\/\/diasurgemed.com\/ng\/wp-content\/uploads\/2024\/02\/303834-17971287.webp"},{"@type":"BreadcrumbList","@id":"https:\/\/diasurgemed.com\/ng\/operation-theatre-table-nigeria\/#breadcrumb","itemListElement":[{"@type":"ListItem","position":1,"name":"Home","item":"https:\/\/diasurgemed.com\/ng\/"},{"@type":"ListItem","position":2,"name":"Operation Tables"}]},{"@type":"WebSite","@id":"https:\/\/diasurgemed.com\/ng\/#website","url":"https:\/\/diasurgemed.com\/ng\/","name":"Diasurge Medical","description":"","publisher":{"@id":"https:\/\/diasurgemed.com\/ng\/#organization"},"potentialAction":[{"@type":"SearchAction","target":{"@type":"EntryPoint","urlTemplate":"https:\/\/diasurgemed.com\/ng\/?s={search_term_string}"},"query-input":"required name=search_term_string"}],"inLanguage":"en-GB"},{"@type":"Organization","@id":"https:\/\/diasurgemed.com\/ng\/#organization","name":"Diasurge Medical","url":"https:\/\/diasurgemed.com\/ng\/","logo":{"@type":"ImageObject","inLanguage":"en-GB","@id":"https:\/\/diasurgemed.com\/ng\/#\/schema\/logo\/image\/","url":"https:\/\/diasurgemed.com\/ng\/wp-content\/uploads\/2024\/03\/cropped-PNGHD-2-2048x526-1.png","contentUrl":"https:\/\/diasurgemed.com\/ng\/wp-content\/uploads\/2024\/03\/cropped-PNGHD-2-2048x526-1.png","width":2048,"height":526,"caption":"Diasurge Medical"},"image":{"@id":"https:\/\/diasurgemed.com\/ng\/#\/schema\/logo\/image\/"}}]}},"uagb_featured_image_src":{"full":false,"thumbnail":false,"medium":false,"medium_large":false,"large":false,"1536x1536":false,"2048x2048":false},"uagb_author_info":{"display_name":"Administrator","author_link":"https:\/\/diasurgemed.com\/ng\/author\/etsmedical-net\/"},"uagb_comment_info":0,"uagb_excerpt":"Operation Tables","_links":{"self":[{"href":"https:\/\/diasurgemed.com\/ng\/wp-json\/wp\/v2\/pages\/1302","targetHints":{"allow":["GET"]}}],"collection":[{"href":"https:\/\/diasurgemed.com\/ng\/wp-json\/wp\/v2\/pages"}],"about":[{"href":"https:\/\/diasurgemed.com\/ng\/wp-json\/wp\/v2\/types\/page"}],"author":[{"embeddable":true,"href":"https:\/\/diasurgemed.com\/ng\/wp-json\/wp\/v2\/users\/1"}],"replies":[{"embeddable":true,"href":"https:\/\/diasurgemed.com\/ng\/wp-json\/wp\/v2\/comments?post=1302"}],"version-history":[{"count":22,"href":"https:\/\/diasurgemed.com\/ng\/wp-json\/wp\/v2\/pages\/1302\/revisions"}],"predecessor-version":[{"id":2360,"href":"https:\/\/diasurgemed.com\/ng\/wp-json\/wp\/v2\/pages\/1302\/revisions\/2360"}],"wp:attachment":[{"href":"https:\/\/diasurgemed.com\/ng\/wp-json\/wp\/v2\/media?parent=1302"}],"curies":[{"name":"wp","href":"https:\/\/api.w.org\/{rel}","templated":true}]}}